{"id":7,"date":"2026-04-14T13:59:57","date_gmt":"2026-04-14T13:59:57","guid":{"rendered":"http:\/\/premiere-ligne-secours.fr\/?page_id=7"},"modified":"2026-04-15T13:03:00","modified_gmt":"2026-04-15T13:03:00","slug":"accueil","status":"publish","type":"page","link":"https:\/\/premiere-ligne-secours.fr\/","title":{"rendered":"Accueil"},"content":{"rendered":"\t\t<div data-elementor-type=\"wp-page\" data-elementor-id=\"7\" class=\"elementor elementor-7\">\n\t\t\t\t<div class=\"elementor-element elementor-element-097c1f9 e-flex e-con-boxed e-con e-parent\" data-id=\"097c1f9\" data-element_type=\"container\" data-e-type=\"container\">\n\t\t\t\t\t<div class=\"e-con-inner\">\n\t\t\t\t<div class=\"elementor-element elementor-element-3581207 elementor-widget elementor-widget-spacer\" data-id=\"3581207\" data-element_type=\"widget\" data-e-type=\"widget\" data-widget_type=\"spacer.default\">\n\t\t\t\t\t\t\t<div class=\"elementor-spacer\">\n\t\t\t<div class=\"elementor-spacer-inner\"><\/div>\n\t\t<\/div>\n\t\t\t\t\t\t<\/div>\n\t\t\t\t\t\t\t<h1 \n\t\tdata-interaction-id=\"4ff7615\" \n\t\tclass=\"e-4ff7615-3c0825f e-heading-base\" \n\t\t \n\t\t\n\t>\n\t\n\t\t\t<strong id=\"e-mnzzqsqp-hfmubaz\">Formez-vous aux gestes qui sauvent, au bon moment.<\/strong>\n\t\t<\/h1>\n\t\t\t\t<div class=\"elementor-element elementor-element-c6706ad elementor-widget elementor-widget-spacer\" data-id=\"c6706ad\" data-element_type=\"widget\" data-e-type=\"widget\" data-widget_type=\"spacer.default\">\n\t\t\t\t\t\t\t<div class=\"elementor-spacer\">\n\t\t\t<div class=\"elementor-spacer-inner\"><\/div>\n\t\t<\/div>\n\t\t\t\t\t\t<\/div>\n\t\t\t\t\t\t\t\t<p class=\"e-ab38964-6d80a8c e-paragraph-base\" data-interaction-id=\"ab38964\"  >\n\t\t\t\t\t\t\t\t<strong id=\"e-mnzvb31q-xftlky3\">Premi\u00e8re<\/strong> <strong id=\"e-mnzvb31q-yibu8rr\">Ligne<\/strong> <strong id=\"e-mnzvb31q-gz9jolu\">Secours<\/strong> propose des formations en secourisme, sant\u00e9 mentale, pr\u00e9vention et petite enfance, afin de vous permettre d\u2019agir efficacement face aux situations du quotidien et d\u2019urgence, directement sur votre lieu d\u2019activit\u00e9 ou \u00e0 domicile.\n\t\t\t\t\t<\/p>\n\t\t\t\t<div class=\"elementor-element elementor-element-ef43167 elementor-widget elementor-widget-spacer\" data-id=\"ef43167\" data-element_type=\"widget\" data-e-type=\"widget\" data-widget_type=\"spacer.default\">\n\t\t\t\t\t\t\t<div class=\"elementor-spacer\">\n\t\t\t<div class=\"elementor-spacer-inner\"><\/div>\n\t\t<\/div>\n\t\t\t\t\t\t<\/div>\n\t\t\t\t\t<\/div>\n\t\t\t\t<\/div>\n\t\t\t\t<div class=\"elementor-element elementor-element-547d0d3 e-con e-atomic-element e-flexbox-base\" data-id=\"547d0d3\" data-element_type=\"e-flexbox\" data-e-type=\"e-flexbox\" data-interaction-id=\"547d0d3\">\n\t\t\t\t\t    \t            <a\n            \t\t\thref=\"https:\/\/premiere-ligne-secours.fr\/index.php\/contact\/\"\n        target=\"_self\"\n            class=\"e-36008f4-843a250 e-button-base\"\n            data-interaction-id=\"36008f4\"\n             \n        >\n            <strong>Demander une prestation<\/strong>\n        <\/a>\n    \t\t\t\t\t    \t            <a\n            \t\t\thref=\"https:\/\/premiere-ligne-secours.fr\/index.php\/formations\/\"\n        target=\"_self\"\n            class=\"e-bf75d6b-3bb49ce e-button-base\"\n            data-interaction-id=\"bf75d6b\"\n             \n        >\n            <strong>D\u00e9couvrir les formations<\/strong>\n        <\/a>\n    \t\t\t\t<\/div>\n\t\t\t\t<div class=\"elementor-element elementor-element-610288c e-con e-atomic-element e-flexbox-base\" data-id=\"610288c\" data-element_type=\"e-flexbox\" data-e-type=\"e-flexbox\" data-interaction-id=\"610288c\">\n\t\t\t\t<\/div>\n\t\t\t\t<\/div>\n\t\t","protected":false},"excerpt":{"rendered":"<p>Formez-vous aux gestes qui sauvent, au bon moment. Premi\u00e8re Ligne Secours propose des formations en secourisme, sant\u00e9 mentale, pr\u00e9vention et [&hellip;]<\/p>\n","protected":false},"author":1,"featured_media":67,"parent":0,"menu_order":0,"comment_status":"closed","ping_status":"closed","template":"elementor_header_footer","meta":{"site-sidebar-layout":"no-sidebar","site-content-layout":"","ast-site-content-layout":"full-width-container","site-content-style":"default","site-sidebar-style":"default","ast-global-header-display":"","ast-banner-title-visibility":"","ast-main-header-display":"","ast-hfb-above-header-display":"","ast-hfb-below-header-display":"","ast-hfb-mobile-header-display":"","site-post-title":"disabled","ast-breadcrumbs-content":"","ast-featured-img":"disabled","footer-sml-layout":"","ast-disable-related-posts":"","theme-transparent-header-meta":"","adv-header-id-meta":"","stick-header-meta":"","header-above-stick-meta":"","header-main-stick-meta":"","header-below-stick-meta":"","astra-migrate-meta-layouts":"default","ast-page-background-enabled":"default","ast-page-background-meta":{"desktop":{"background-color":"var(--ast-global-color-5)","background-image":"","background-repeat":"repeat","background-position":"center center","background-size":"auto","background-attachment":"scroll","background-type":"","background-media":"","overlay-type":"","overlay-color":"","overlay-opacity":"","overlay-gradient":""},"tablet":{"background-color":"","background-image":"","background-repeat":"repeat","background-position":"center center","background-size":"auto","background-attachment":"scroll","background-type":"","background-media":"","overlay-type":"","overlay-color":"","overlay-opacity":"","overlay-gradient":""},"mobile":{"background-color":"","background-image":"","background-repeat":"repeat","background-position":"center center","background-size":"auto","background-attachment":"scroll","background-type":"","background-media":"","overlay-type":"","overlay-color":"","overlay-opacity":"","overlay-gradient":""}},"ast-content-background-meta":{"desktop":{"background-color":"var(--ast-global-color-4)","background-image":"","background-repeat":"repeat","background-position":"center center","background-size":"auto","background-attachment":"scroll","background-type":"","background-media":"","overlay-type":"","overlay-color":"","overlay-opacity":"","overlay-gradient":""},"tablet":{"background-color":"var(--ast-global-color-4)","background-image":"","background-repeat":"repeat","background-position":"center center","background-size":"auto","background-attachment":"scroll","background-type":"","background-media":"","overlay-type":"","overlay-color":"","overlay-opacity":"","overlay-gradient":""},"mobile":{"background-color":"var(--ast-global-color-4)","background-image":"","background-repeat":"repeat","background-position":"center center","background-size":"auto","background-attachment":"scroll","background-type":"","background-media":"","overlay-type":"","overlay-color":"","overlay-opacity":"","overlay-gradient":""}},"footnotes":""},"class_list":["post-7","page","type-page","status-publish","has-post-thumbnail","hentry"],"_links":{"self":[{"href":"https:\/\/premiere-ligne-secours.fr\/index.php\/wp-json\/wp\/v2\/pages\/7","targetHints":{"allow":["GET"]}}],"collection":[{"href":"https:\/\/premiere-ligne-secours.fr\/index.php\/wp-json\/wp\/v2\/pages"}],"about":[{"href":"https:\/\/premiere-ligne-secours.fr\/index.php\/wp-json\/wp\/v2\/types\/page"}],"author":[{"embeddable":true,"href":"https:\/\/premiere-ligne-secours.fr\/index.php\/wp-json\/wp\/v2\/users\/1"}],"replies":[{"embeddable":true,"href":"https:\/\/premiere-ligne-secours.fr\/index.php\/wp-json\/wp\/v2\/comments?post=7"}],"version-history":[{"count":67,"href":"https:\/\/premiere-ligne-secours.fr\/index.php\/wp-json\/wp\/v2\/pages\/7\/revisions"}],"predecessor-version":[{"id":150,"href":"https:\/\/premiere-ligne-secours.fr\/index.php\/wp-json\/wp\/v2\/pages\/7\/revisions\/150"}],"wp:featuredmedia":[{"embeddable":true,"href":"https:\/\/premiere-ligne-secours.fr\/index.php\/wp-json\/wp\/v2\/media\/67"}],"wp:attachment":[{"href":"https:\/\/premiere-ligne-secours.fr\/index.php\/wp-json\/wp\/v2\/media?parent=7"}],"curies":[{"name":"wp","href":"https:\/\/api.w.org\/{rel}","templated":true}]}}